{"id":1063,"date":"2022-07-01T13:14:00","date_gmt":"2022-07-01T13:14:00","guid":{"rendered":"https:\/\/paintballzonemezez.com\/?page_id=1063"},"modified":"2022-07-01T14:27:57","modified_gmt":"2022-07-01T14:27:57","slug":"pyetje-te-shpeshta","status":"publish","type":"page","link":"https:\/\/paintballzonemezez.com\/?page_id=1063","title":{"rendered":"\u00c7far\u00eb na pyesin m\u00eb shpesh"},"content":{"rendered":"\t\t<div data-elementor-type=\"wp-page\" data-elementor-id=\"1063\" class=\"elementor elementor-1063\" data-elementor-settings=\"[]\">\n\t\t\t\t\t\t<div class=\"elementor-inner\">\n\t\t\t\t\t\t\t<div class=\"elementor-section-wrap\">\n\t\t\t\t\t\t\t<section class=\"elementor-section elementor-top-section elementor-element elementor-element-ded2186 elementor-section-boxed elementor-section-height-default elementor-section-height-default\" data-id=\"ded2186\" data-element_type=\"section\">\n\t\t\t\t\t\t<div class=\"elementor-container elementor-column-gap-default\">\n\t\t\t\t\t\t\t<div class=\"elementor-row\">\n\t\t\t\t\t<div class=\"elementor-column elementor-col-100 elementor-top-column elementor-element elementor-element-76436b0\" data-id=\"76436b0\" data-element_type=\"column\">\n\t\t\t<div class=\"elementor-column-wrap elementor-element-populated\">\n\t\t\t\t\t\t\t<div class=\"elementor-widget-wrap\">\n\t\t\t\t\t\t<div class=\"elementor-element elementor-element-b4b5303 elementor-widget elementor-widget-toggle\" data-id=\"b4b5303\" data-element_type=\"widget\" data-widget_type=\"toggle.default\">\n\t\t\t\t<div class=\"elementor-widget-container\">\n\t\t\t\t\t<div class=\"elementor-toggle\" role=\"tablist\">\n\t\t\t\t\t\t\t<div class=\"elementor-toggle-item\">\n\t\t\t\t\t<div id=\"elementor-tab-title-1891\" class=\"elementor-tab-title\" data-tab=\"1\" role=\"tab\" aria-controls=\"elementor-tab-content-1891\" aria-expanded=\"false\">\n\t\t\t\t\t\t\t\t\t\t\t\t<span class=\"elementor-toggle-icon elementor-toggle-icon-left\" aria-hidden=\"true\">\n\t\t\t\t\t\t\t\t\t\t\t\t\t\t\t<span class=\"elementor-toggle-icon-closed\"><i class=\"fas fa-caret-right\"><\/i><\/span>\n\t\t\t\t\t\t\t\t<span class=\"elementor-toggle-icon-opened\"><i class=\"elementor-toggle-icon-opened fas fa-caret-up\"><\/i><\/span>\n\t\t\t\t\t\t\t\t\t\t\t\t\t<\/span>\n\t\t\t\t\t\t\t\t\t\t\t\t<a href=\"\" class=\"elementor-toggle-title\">Cila \u00ebsht\u00eb mosha minimum p\u00ebr Paintball?<\/a>\n\t\t\t\t\t<\/div>\n\n\t\t\t\t\t<div id=\"elementor-tab-content-1891\" class=\"elementor-tab-content elementor-clearfix\" data-tab=\"1\" role=\"tabpanel\" aria-labelledby=\"elementor-tab-title-1891\"><p>Mosha minimale p\u00ebr t\u00eb luajtur PAINTBALL n\u00eb parkun ton\u00eb \u00ebsht\u00eb 13 vje\u00e7. P\u00ebr f\u00ebmij\u00ebt m\u00eb t\u00eb vegj\u00ebl ne k\u00ebrkojm\u00eb q\u00eb t\u00eb jen\u00eb t\u00eb shoq\u00ebruar nga prind\u00ebrit\/kujdestar\u00eb. Paintball \u00ebsht\u00eb nj\u00eb sport shum\u00eb i sigurt p\u00ebr sa koh\u00eb q\u00eb respektohen rregullat tona t\u00eb thjeshta t\u00eb siguris\u00eb. N\u00ebse keni dyshime, ju ftojm\u00eb t\u00eb ndaloni nj\u00eb fundjav\u00eb p\u00ebr t\u00eb vizituar parkun ton\u00eb dhe ju e vendosni n\u00ebse paintball \u00ebsht\u00eb sporti i duhur p\u00ebr f\u00ebmij\u00ebn tuaj.<\/p><\/div>\n\t\t\t\t<\/div>\n\t\t\t\t\t\t\t<div class=\"elementor-toggle-item\">\n\t\t\t\t\t<div id=\"elementor-tab-title-1892\" class=\"elementor-tab-title\" data-tab=\"2\" role=\"tab\" aria-controls=\"elementor-tab-content-1892\" aria-expanded=\"false\">\n\t\t\t\t\t\t\t\t\t\t\t\t<span class=\"elementor-toggle-icon elementor-toggle-icon-left\" aria-hidden=\"true\">\n\t\t\t\t\t\t\t\t\t\t\t\t\t\t\t<span class=\"elementor-toggle-icon-closed\"><i class=\"fas fa-caret-right\"><\/i><\/span>\n\t\t\t\t\t\t\t\t<span class=\"elementor-toggle-icon-opened\"><i class=\"elementor-toggle-icon-opened fas fa-caret-up\"><\/i><\/span>\n\t\t\t\t\t\t\t\t\t\t\t\t\t<\/span>\n\t\t\t\t\t\t\t\t\t\t\t\t<a href=\"\" class=\"elementor-toggle-title\">A \u00ebsht\u00eb paintball nj\u00eb sport i sigurt?<\/a>\n\t\t\t\t\t<\/div>\n\n\t\t\t\t\t<div id=\"elementor-tab-content-1892\" class=\"elementor-tab-content elementor-clearfix\" data-tab=\"2\" role=\"tabpanel\" aria-labelledby=\"elementor-tab-title-1892\"><p>Paintball \u00ebsht\u00eb nj\u00eb nga sportet m\u00eb t\u00eb sigurta dhe statistikisht ka numrin m\u00eb t\u00eb vog\u00ebl t\u00eb l\u00ebndimeve nga t\u00eb gjitha sportet &#8211; t\u00eb cilat p\u00ebrfshijn\u00eb bejsbollin, bowling, peshkimin dhe shum\u00eb sporte t\u00eb tjera. Si me \u00e7do sport\/aktivitet tjet\u00ebr, gjithmon\u00eb ekziston mund\u00ebsia p\u00ebr l\u00ebndime. P\u00ebr sa koh\u00eb q\u00eb ndiqen rregullat standarde t\u00eb siguris\u00eb dhe respektohet\u00a0 nga ju p\u00ebrdorimi n\u00eb m\u00ebnyr\u00ebn e duhur t\u00eb pajisjeve t\u00eb siguris\u00eb t\u00eb zhvilluara dhe t\u00eb miratuara nga industria, paintball \u00ebsht\u00eb nj\u00eb nga sportet m\u00eb t\u00eb sigurta n\u00eb bot\u00eb.<\/p><\/div>\n\t\t\t\t<\/div>\n\t\t\t\t\t\t\t<div class=\"elementor-toggle-item\">\n\t\t\t\t\t<div id=\"elementor-tab-title-1893\" class=\"elementor-tab-title\" data-tab=\"3\" role=\"tab\" aria-controls=\"elementor-tab-content-1893\" aria-expanded=\"false\">\n\t\t\t\t\t\t\t\t\t\t\t\t<span class=\"elementor-toggle-icon elementor-toggle-icon-left\" aria-hidden=\"true\">\n\t\t\t\t\t\t\t\t\t\t\t\t\t\t\t<span class=\"elementor-toggle-icon-closed\"><i class=\"fas fa-caret-right\"><\/i><\/span>\n\t\t\t\t\t\t\t\t<span class=\"elementor-toggle-icon-opened\"><i class=\"elementor-toggle-icon-opened fas fa-caret-up\"><\/i><\/span>\n\t\t\t\t\t\t\t\t\t\t\t\t\t<\/span>\n\t\t\t\t\t\t\t\t\t\t\t\t<a href=\"\" class=\"elementor-toggle-title\">\u00c7far\u00eb duhet t\u00eb marr me vete?<\/a>\n\t\t\t\t\t<\/div>\n\n\t\t\t\t\t<div id=\"elementor-tab-content-1893\" class=\"elementor-tab-content elementor-clearfix\" data-tab=\"3\" role=\"tabpanel\" aria-labelledby=\"elementor-tab-title-1893\"><p>Ne rekomandojm\u00eb q\u00eb lojtar\u00ebt duhet t\u00eb veshin veshje t\u00eb rehatshme sportive dhe atlete t\u00eb p\u00ebrshtatshme. Gjithashtu, ju mund t\u00eb merrni me vete rroba p\u00ebr ti nd\u00ebrruar n\u00eb p\u00ebrfundim t\u00eb loj\u00ebs, pasi duke q\u00ebn\u00eb aktivitet fizik risku p\u00ebr tu djersitur \u00ebsht\u00eb i madh. Ah mos harroni dhe portofolin \ud83d\ude1c!<\/p><\/div>\n\t\t\t\t<\/div>\n\t\t\t\t\t\t\t<div class=\"elementor-toggle-item\">\n\t\t\t\t\t<div id=\"elementor-tab-title-1894\" class=\"elementor-tab-title\" data-tab=\"4\" role=\"tab\" aria-controls=\"elementor-tab-content-1894\" aria-expanded=\"false\">\n\t\t\t\t\t\t\t\t\t\t\t\t<span class=\"elementor-toggle-icon elementor-toggle-icon-left\" aria-hidden=\"true\">\n\t\t\t\t\t\t\t\t\t\t\t\t\t\t\t<span class=\"elementor-toggle-icon-closed\"><i class=\"fas fa-caret-right\"><\/i><\/span>\n\t\t\t\t\t\t\t\t<span class=\"elementor-toggle-icon-opened\"><i class=\"elementor-toggle-icon-opened fas fa-caret-up\"><\/i><\/span>\n\t\t\t\t\t\t\t\t\t\t\t\t\t<\/span>\n\t\t\t\t\t\t\t\t\t\t\t\t<a href=\"\" class=\"elementor-toggle-title\">A duhet rezervuar fusha?<\/a>\n\t\t\t\t\t<\/div>\n\n\t\t\t\t\t<div id=\"elementor-tab-content-1894\" class=\"elementor-tab-content elementor-clearfix\" data-tab=\"4\" role=\"tabpanel\" aria-labelledby=\"elementor-tab-title-1894\"><p>Po, fusha duhet rezervuar paraprakisht, n\u00eb fundjav\u00eb sugjerojm\u00eb t\u00eb pakt\u00ebn 1 dit\u00eb para. Mund t\u00eb na kontaktoni n\u00eb:<\/p><ul><li><span class=\"elementor-icon-list-text\">0692305487 &amp; 0684076312<\/span><\/li><li><span class=\"elementor-icon-list-text\">paintballzonemezez@gmail.com<\/span><\/li><li>Instagram: paintball_zone_mezez<\/li><li>Facebook: PaintBall Zone M\u00ebzez<\/li><\/ul><\/div>\n\t\t\t\t<\/div>\n\t\t\t\t\t\t\t<div class=\"elementor-toggle-item\">\n\t\t\t\t\t<div id=\"elementor-tab-title-1895\" class=\"elementor-tab-title\" data-tab=\"5\" role=\"tab\" aria-controls=\"elementor-tab-content-1895\" aria-expanded=\"false\">\n\t\t\t\t\t\t\t\t\t\t\t\t<span class=\"elementor-toggle-icon elementor-toggle-icon-left\" aria-hidden=\"true\">\n\t\t\t\t\t\t\t\t\t\t\t\t\t\t\t<span class=\"elementor-toggle-icon-closed\"><i class=\"fas fa-caret-right\"><\/i><\/span>\n\t\t\t\t\t\t\t\t<span class=\"elementor-toggle-icon-opened\"><i class=\"elementor-toggle-icon-opened fas fa-caret-up\"><\/i><\/span>\n\t\t\t\t\t\t\t\t\t\t\t\t\t<\/span>\n\t\t\t\t\t\t\t\t\t\t\t\t<a href=\"\" class=\"elementor-toggle-title\">Sa persona duhen p\u00ebr t\u00eb luajtur Paintball?<\/a>\n\t\t\t\t\t<\/div>\n\n\t\t\t\t\t<div id=\"elementor-tab-content-1895\" class=\"elementor-tab-content elementor-clearfix\" data-tab=\"5\" role=\"tabpanel\" aria-labelledby=\"elementor-tab-title-1895\"><p>Ne sugjerojm\u00eb t\u00eb jeni mbi 4 persona n\u00eb m\u00ebnyr\u00eb q\u00eb loja t\u00eb jet\u00eb e organizuar sa m\u00eb e bukur dhe ta shijoni sa m\u00eb shum\u00eb.<\/p><\/div>\n\t\t\t\t<\/div>\n\t\t\t\t\t\t\t<div class=\"elementor-toggle-item\">\n\t\t\t\t\t<div id=\"elementor-tab-title-1896\" class=\"elementor-tab-title\" data-tab=\"6\" role=\"tab\" aria-controls=\"elementor-tab-content-1896\" aria-expanded=\"false\">\n\t\t\t\t\t\t\t\t\t\t\t\t<span class=\"elementor-toggle-icon elementor-toggle-icon-left\" aria-hidden=\"true\">\n\t\t\t\t\t\t\t\t\t\t\t\t\t\t\t<span class=\"elementor-toggle-icon-closed\"><i class=\"fas fa-caret-right\"><\/i><\/span>\n\t\t\t\t\t\t\t\t<span class=\"elementor-toggle-icon-opened\"><i class=\"elementor-toggle-icon-opened fas fa-caret-up\"><\/i><\/span>\n\t\t\t\t\t\t\t\t\t\t\t\t\t<\/span>\n\t\t\t\t\t\t\t\t\t\t\t\t<a href=\"\" class=\"elementor-toggle-title\">Sa zgjat zakonisht nj\u00eb loj\u00eb Paintball?<\/a>\n\t\t\t\t\t<\/div>\n\n\t\t\t\t\t<div id=\"elementor-tab-content-1896\" class=\"elementor-tab-content elementor-clearfix\" data-tab=\"6\" role=\"tabpanel\" aria-labelledby=\"elementor-tab-title-1896\"><p>Shumica e grupeve q\u00ebndrojn\u00eb af\u00ebrsisht 90 minuta.<\/p><\/div>\n\t\t\t\t<\/div>\n\t\t\t\t\t\t\t<div class=\"elementor-toggle-item\">\n\t\t\t\t\t<div id=\"elementor-tab-title-1897\" class=\"elementor-tab-title\" data-tab=\"7\" role=\"tab\" aria-controls=\"elementor-tab-content-1897\" aria-expanded=\"false\">\n\t\t\t\t\t\t\t\t\t\t\t\t<span class=\"elementor-toggle-icon elementor-toggle-icon-left\" aria-hidden=\"true\">\n\t\t\t\t\t\t\t\t\t\t\t\t\t\t\t<span class=\"elementor-toggle-icon-closed\"><i class=\"fas fa-caret-right\"><\/i><\/span>\n\t\t\t\t\t\t\t\t<span class=\"elementor-toggle-icon-opened\"><i class=\"elementor-toggle-icon-opened fas fa-caret-up\"><\/i><\/span>\n\t\t\t\t\t\t\t\t\t\t\t\t\t<\/span>\n\t\t\t\t\t\t\t\t\t\t\t\t<a href=\"\" class=\"elementor-toggle-title\">\u00c7far\u00eb mund t\u00eb organizohet tjet\u00ebr, shoq\u00ebruese e loj\u00ebs?<\/a>\n\t\t\t\t\t<\/div>\n\n\t\t\t\t\t<div id=\"elementor-tab-content-1897\" class=\"elementor-tab-content elementor-clearfix\" data-tab=\"7\" role=\"tabpanel\" aria-labelledby=\"elementor-tab-title-1897\"><p>N\u00eb ambientet tona ka hapsir\u00eb t\u00eb mjaftueshme p\u00ebr t\u00eb organizuar aktivitetet q\u00eb d\u00ebshironi si retreate me kompanit\u00eb, dit\u00eblindje, festa t\u00eb ndryshme familjare.<\/p><p>Ne ju vendosim n\u00eb dispozicion barbeque dhe ju mund t\u00eb sillni ushqimet dhe dekorin q\u00eb d\u00ebshironi.<\/p><\/div>\n\t\t\t\t<\/div>\n\t\t\t\t\t\t\t<div class=\"elementor-toggle-item\">\n\t\t\t\t\t<div id=\"elementor-tab-title-1898\" class=\"elementor-tab-title\" data-tab=\"8\" role=\"tab\" aria-controls=\"elementor-tab-content-1898\" aria-expanded=\"false\">\n\t\t\t\t\t\t\t\t\t\t\t\t<span class=\"elementor-toggle-icon elementor-toggle-icon-left\" aria-hidden=\"true\">\n\t\t\t\t\t\t\t\t\t\t\t\t\t\t\t<span class=\"elementor-toggle-icon-closed\"><i class=\"fas fa-caret-right\"><\/i><\/span>\n\t\t\t\t\t\t\t\t<span class=\"elementor-toggle-icon-opened\"><i class=\"elementor-toggle-icon-opened fas fa-caret-up\"><\/i><\/span>\n\t\t\t\t\t\t\t\t\t\t\t\t\t<\/span>\n\t\t\t\t\t\t\t\t\t\t\t\t<a href=\"\" class=\"elementor-toggle-title\">Organizoni Kampionate Paintball?<\/a>\n\t\t\t\t\t<\/div>\n\n\t\t\t\t\t<div id=\"elementor-tab-content-1898\" class=\"elementor-tab-content elementor-clearfix\" data-tab=\"8\" role=\"tabpanel\" aria-labelledby=\"elementor-tab-title-1898\"><p>Po, kemi organizuar me sukses disa kampionate Paintballi. P\u00ebr m\u00eb shum\u00eb detaje rreth kampionateve, ju lutemi t\u00eb kontaktoni stafin e Paintball Zone M\u00ebzez.<\/p><\/div>\n\t\t\t\t<\/div>\n\t\t\t\t\t\t\t<div class=\"elementor-toggle-item\">\n\t\t\t\t\t<div id=\"elementor-tab-title-1899\" class=\"elementor-tab-title\" data-tab=\"9\" role=\"tab\" aria-controls=\"elementor-tab-content-1899\" aria-expanded=\"false\">\n\t\t\t\t\t\t\t\t\t\t\t\t<span class=\"elementor-toggle-icon elementor-toggle-icon-left\" aria-hidden=\"true\">\n\t\t\t\t\t\t\t\t\t\t\t\t\t\t\t<span class=\"elementor-toggle-icon-closed\"><i class=\"fas fa-caret-right\"><\/i><\/span>\n\t\t\t\t\t\t\t\t<span class=\"elementor-toggle-icon-opened\"><i class=\"elementor-toggle-icon-opened fas fa-caret-up\"><\/i><\/span>\n\t\t\t\t\t\t\t\t\t\t\t\t\t<\/span>\n\t\t\t\t\t\t\t\t\t\t\t\t<a href=\"\" class=\"elementor-toggle-title\">A mund t\u00eb luaj me persona t\u00eb tjer\u00eb q\u00eb i gjej n\u00eb fush\u00eb?<\/a>\n\t\t\t\t\t<\/div>\n\n\t\t\t\t\t<div id=\"elementor-tab-content-1899\" class=\"elementor-tab-content elementor-clearfix\" data-tab=\"9\" role=\"tabpanel\" aria-labelledby=\"elementor-tab-title-1899\"><p>Jo, n\u00eb rast se nuk b\u00ebhet fjal\u00eb p\u00ebr nj\u00eb Open Game.<\/p><p>Zakonisht lojtar\u00ebt organizojn\u00eb grupet e tyre dhe e zhvillojn\u00eb loj\u00ebn me grupe q\u00eb ata vet\u00eb sjellin. Vet\u00eb n\u00eb rastet kur kemi b\u00ebr\u00eb thirrje p\u00ebr Open Game, mundet q\u00eb persona t\u00eb ndrysh\u00ebm t\u00eb paraqiten n\u00eb fush\u00ebn e loj\u00ebs p\u00ebr t\u00eb luajtur me persona t\u00eb tjer\u00eb t\u00eb panjour.<\/p><\/div>\n\t\t\t\t<\/div>\n\t\t\t\t\t\t\t<div class=\"elementor-toggle-item\">\n\t\t\t\t\t<div id=\"elementor-tab-title-18910\" class=\"elementor-tab-title\" data-tab=\"10\" role=\"tab\" aria-controls=\"elementor-tab-content-18910\" aria-expanded=\"false\">\n\t\t\t\t\t\t\t\t\t\t\t\t<span class=\"elementor-toggle-icon elementor-toggle-icon-left\" aria-hidden=\"true\">\n\t\t\t\t\t\t\t\t\t\t\t\t\t\t\t<span class=\"elementor-toggle-icon-closed\"><i class=\"fas fa-caret-right\"><\/i><\/span>\n\t\t\t\t\t\t\t\t<span class=\"elementor-toggle-icon-opened\"><i class=\"elementor-toggle-icon-opened fas fa-caret-up\"><\/i><\/span>\n\t\t\t\t\t\t\t\t\t\t\t\t\t<\/span>\n\t\t\t\t\t\t\t\t\t\t\t\t<a href=\"\" class=\"elementor-toggle-title\">A mund t\u00eb luhet nat\u00ebn Paintball?<\/a>\n\t\t\t\t\t<\/div>\n\n\t\t\t\t\t<div id=\"elementor-tab-content-18910\" class=\"elementor-tab-content elementor-clearfix\" data-tab=\"10\" role=\"tabpanel\" aria-labelledby=\"elementor-tab-title-18910\"><p>Po, ne kemi dy fusha t\u00eb cilat jan\u00eb t\u00eb ndri\u00e7uara shum\u00eb mir\u00eb dhe ju mund t\u00eb luani pa problem edhe gjat\u00eb nat\u00ebs.<\/p><\/div>\n\t\t\t\t<\/div>\n\t\t\t\t\t\t\t<div class=\"elementor-toggle-item\">\n\t\t\t\t\t<div id=\"elementor-tab-title-18911\" class=\"elementor-tab-title\" data-tab=\"11\" role=\"tab\" aria-controls=\"elementor-tab-content-18911\" aria-expanded=\"false\">\n\t\t\t\t\t\t\t\t\t\t\t\t<span class=\"elementor-toggle-icon elementor-toggle-icon-left\" aria-hidden=\"true\">\n\t\t\t\t\t\t\t\t\t\t\t\t\t\t\t<span class=\"elementor-toggle-icon-closed\"><i class=\"fas fa-caret-right\"><\/i><\/span>\n\t\t\t\t\t\t\t\t<span class=\"elementor-toggle-icon-opened\"><i class=\"elementor-toggle-icon-opened fas fa-caret-up\"><\/i><\/span>\n\t\t\t\t\t\t\t\t\t\t\t\t\t<\/span>\n\t\t\t\t\t\t\t\t\t\t\t\t<a href=\"\" class=\"elementor-toggle-title\">A mund t\u00eb luhet kur bie shi?<\/a>\n\t\t\t\t\t<\/div>\n\n\t\t\t\t\t<div id=\"elementor-tab-content-18911\" class=\"elementor-tab-content elementor-clearfix\" data-tab=\"11\" role=\"tabpanel\" aria-labelledby=\"elementor-tab-title-18911\"><p>Zakonisht nuk e rekomandojm\u00eb loj\u00ebn kur bie shi, por ka persona q\u00eb e p\u00eblqejn\u00eb adrenalin\u00ebn dhe sigurisht q\u00eb nuk jan\u00eb ndaluar t\u00eb luajn\u00eb n\u00eb fushat tona edhe kur ka q\u00ebn\u00eb koh\u00eb me shi.<\/p><\/div>\n\t\t\t\t<\/div>\n\t\t\t\t\t\t\t<div class=\"elementor-toggle-item\">\n\t\t\t\t\t<div id=\"elementor-tab-title-18912\" class=\"elementor-tab-title\" data-tab=\"12\" role=\"tab\" aria-controls=\"elementor-tab-content-18912\" aria-expanded=\"false\">\n\t\t\t\t\t\t\t\t\t\t\t\t<span class=\"elementor-toggle-icon elementor-toggle-icon-left\" aria-hidden=\"true\">\n\t\t\t\t\t\t\t\t\t\t\t\t\t\t\t<span class=\"elementor-toggle-icon-closed\"><i class=\"fas fa-caret-right\"><\/i><\/span>\n\t\t\t\t\t\t\t\t<span class=\"elementor-toggle-icon-opened\"><i class=\"elementor-toggle-icon-opened fas fa-caret-up\"><\/i><\/span>\n\t\t\t\t\t\t\t\t\t\t\t\t\t<\/span>\n\t\t\t\t\t\t\t\t\t\t\t\t<a href=\"\" class=\"elementor-toggle-title\">A mund t\u00eb vij te fusha me transport publik?<\/a>\n\t\t\t\t\t<\/div>\n\n\t\t\t\t\t<div id=\"elementor-tab-content-18912\" class=\"elementor-tab-content elementor-clearfix\" data-tab=\"12\" role=\"tabpanel\" aria-labelledby=\"elementor-tab-title-18912\"><p>Po, linja e Kasharit ju sjell shum\u00eb af\u00ebr fush\u00ebs.<\/p><\/div>\n\t\t\t\t<\/div>\n\t\t\t\t\t\t\t\t<\/div>\n\t\t\t\t<\/div>\n\t\t\t\t<\/div>\n\t\t\t\t\t\t<\/div>\n\t\t\t\t\t<\/div>\n\t\t<\/div>\n\t\t\t\t\t\t\t\t<\/div>\n\t\t\t\t\t<\/div>\n\t\t<\/section>\n\t\t\t\t\t\t<\/div>\n\t\t\t\t\t\t<\/div>\n\t\t\t\t\t<\/div>\n\t\t","protected":false},"excerpt":{"rendered":"<p>Cila \u00ebsht\u00eb mosha minimum p\u00ebr Paintball? Mosha minimale p\u00ebr t\u00eb luajtur PAINTBALL n\u00eb parkun ton\u00eb \u00ebsht\u00eb 13 vje\u00e7. P\u00ebr f\u00ebmij\u00ebt m\u00eb t\u00eb vegj\u00ebl ne k\u00ebrkojm\u00eb q\u00eb t\u00eb jen\u00eb t\u00eb shoq\u00ebruar nga prind\u00ebrit\/kujdestar\u00eb. Paintball \u00ebsht\u00eb nj\u00eb sport shum\u00eb i sigurt p\u00ebr sa koh\u00eb q\u00eb respektohen rregullat tona t\u00eb thjeshta t\u00eb siguris\u00eb. N\u00ebse keni dyshime, ju ftojm\u00eb [&hellip;]<\/p>\n","protected":false},"author":2,"featured_media":0,"parent":0,"menu_order":0,"comment_status":"closed","ping_status":"closed","template":"","meta":{"footnotes":""},"yoast_head":"<!-- This site is optimized with the Yoast SEO plugin v17.5 - https:\/\/yoast.com\/wordpress\/plugins\/seo\/ -->\n<title>\u00c7far\u00eb na pyesin m\u00eb shpesh - Paintball Zone M\u00ebzez<\/title>\n<meta name=\"robots\" content=\"index, follow, max-snippet:-1, max-image-preview:large, max-video-preview:-1\" \/>\n<link rel=\"canonical\" href=\"https:\/\/paintballzonemezez.com\/?page_id=1063\" \/>\n<meta property=\"og:locale\" content=\"en_US\" \/>\n<meta property=\"og:type\" content=\"article\" \/>\n<meta property=\"og:title\" content=\"\u00c7far\u00eb na pyesin m\u00eb shpesh - Paintball Zone M\u00ebzez\" \/>\n<meta property=\"og:description\" content=\"Cila \u00ebsht\u00eb mosha minimum p\u00ebr Paintball? Mosha minimale p\u00ebr t\u00eb luajtur PAINTBALL n\u00eb parkun ton\u00eb \u00ebsht\u00eb 13 vje\u00e7. P\u00ebr f\u00ebmij\u00ebt m\u00eb t\u00eb vegj\u00ebl ne k\u00ebrkojm\u00eb q\u00eb t\u00eb jen\u00eb t\u00eb shoq\u00ebruar nga prind\u00ebrit\/kujdestar\u00eb. Paintball \u00ebsht\u00eb nj\u00eb sport shum\u00eb i sigurt p\u00ebr sa koh\u00eb q\u00eb respektohen rregullat tona t\u00eb thjeshta t\u00eb siguris\u00eb. N\u00ebse keni dyshime, ju ftojm\u00eb [&hellip;]\" \/>\n<meta property=\"og:url\" content=\"https:\/\/paintballzonemezez.com\/?page_id=1063\" \/>\n<meta property=\"og:site_name\" content=\"Paintball Zone M\u00ebzez\" \/>\n<meta property=\"article:modified_time\" content=\"2022-07-01T14:27:57+00:00\" \/>\n<meta name=\"twitter:card\" content=\"summary_large_image\" \/>\n<meta name=\"twitter:label1\" content=\"Est. reading time\" \/>\n\t<meta name=\"twitter:data1\" content=\"3 minutes\" \/>\n<script type=\"application\/ld+json\" class=\"yoast-schema-graph\">{\"@context\":\"https:\/\/schema.org\",\"@graph\":[{\"@type\":\"WebSite\",\"@id\":\"https:\/\/paintballzonemezez.com\/#website\",\"url\":\"https:\/\/paintballzonemezez.com\/\",\"name\":\"Paintball Zone M\\u00ebzez\",\"description\":\"Paintball Game Tirana\",\"potentialAction\":[{\"@type\":\"SearchAction\",\"target\":{\"@type\":\"EntryPoint\",\"urlTemplate\":\"https:\/\/paintballzonemezez.com\/?s={search_term_string}\"},\"query-input\":\"required name=search_term_string\"}],\"inLanguage\":\"en-US\"},{\"@type\":\"WebPage\",\"@id\":\"https:\/\/paintballzonemezez.com\/?page_id=1063#webpage\",\"url\":\"https:\/\/paintballzonemezez.com\/?page_id=1063\",\"name\":\"\\u00c7far\\u00eb na pyesin m\\u00eb shpesh - Paintball Zone M\\u00ebzez\",\"isPartOf\":{\"@id\":\"https:\/\/paintballzonemezez.com\/#website\"},\"datePublished\":\"2022-07-01T13:14:00+00:00\",\"dateModified\":\"2022-07-01T14:27:57+00:00\",\"breadcrumb\":{\"@id\":\"https:\/\/paintballzonemezez.com\/?page_id=1063#breadcrumb\"},\"inLanguage\":\"en-US\",\"potentialAction\":[{\"@type\":\"ReadAction\",\"target\":[\"https:\/\/paintballzonemezez.com\/?page_id=1063\"]}]},{\"@type\":\"BreadcrumbList\",\"@id\":\"https:\/\/paintballzonemezez.com\/?page_id=1063#breadcrumb\",\"itemListElement\":[{\"@type\":\"ListItem\",\"position\":1,\"name\":\"Home\",\"item\":\"https:\/\/paintballzonemezez.com\/\"},{\"@type\":\"ListItem\",\"position\":2,\"name\":\"\\u00c7far\\u00eb na pyesin m\\u00eb shpesh\"}]}]}<\/script>\n<!-- \/ Yoast SEO plugin. -->","yoast_head_json":{"title":"\u00c7far\u00eb na pyesin m\u00eb shpesh - Paintball Zone M\u00ebzez","robots":{"index":"index","follow":"follow","max-snippet":"max-snippet:-1","max-image-preview":"max-image-preview:large","max-video-preview":"max-video-preview:-1"},"canonical":"https:\/\/paintballzonemezez.com\/?page_id=1063","og_locale":"en_US","og_type":"article","og_title":"\u00c7far\u00eb na pyesin m\u00eb shpesh - Paintball Zone M\u00ebzez","og_description":"Cila \u00ebsht\u00eb mosha minimum p\u00ebr Paintball? Mosha minimale p\u00ebr t\u00eb luajtur PAINTBALL n\u00eb parkun ton\u00eb \u00ebsht\u00eb 13 vje\u00e7. P\u00ebr f\u00ebmij\u00ebt m\u00eb t\u00eb vegj\u00ebl ne k\u00ebrkojm\u00eb q\u00eb t\u00eb jen\u00eb t\u00eb shoq\u00ebruar nga prind\u00ebrit\/kujdestar\u00eb. Paintball \u00ebsht\u00eb nj\u00eb sport shum\u00eb i sigurt p\u00ebr sa koh\u00eb q\u00eb respektohen rregullat tona t\u00eb thjeshta t\u00eb siguris\u00eb. N\u00ebse keni dyshime, ju ftojm\u00eb [&hellip;]","og_url":"https:\/\/paintballzonemezez.com\/?page_id=1063","og_site_name":"Paintball Zone M\u00ebzez","article_modified_time":"2022-07-01T14:27:57+00:00","twitter_card":"summary_large_image","twitter_misc":{"Est. reading time":"3 minutes"},"schema":{"@context":"https:\/\/schema.org","@graph":[{"@type":"WebSite","@id":"https:\/\/paintballzonemezez.com\/#website","url":"https:\/\/paintballzonemezez.com\/","name":"Paintball Zone M\u00ebzez","description":"Paintball Game Tirana","potentialAction":[{"@type":"SearchAction","target":{"@type":"EntryPoint","urlTemplate":"https:\/\/paintballzonemezez.com\/?s={search_term_string}"},"query-input":"required name=search_term_string"}],"inLanguage":"en-US"},{"@type":"WebPage","@id":"https:\/\/paintballzonemezez.com\/?page_id=1063#webpage","url":"https:\/\/paintballzonemezez.com\/?page_id=1063","name":"\u00c7far\u00eb na pyesin m\u00eb shpesh - Paintball Zone M\u00ebzez","isPartOf":{"@id":"https:\/\/paintballzonemezez.com\/#website"},"datePublished":"2022-07-01T13:14:00+00:00","dateModified":"2022-07-01T14:27:57+00:00","breadcrumb":{"@id":"https:\/\/paintballzonemezez.com\/?page_id=1063#breadcrumb"},"inLanguage":"en-US","potentialAction":[{"@type":"ReadAction","target":["https:\/\/paintballzonemezez.com\/?page_id=1063"]}]},{"@type":"BreadcrumbList","@id":"https:\/\/paintballzonemezez.com\/?page_id=1063#breadcrumb","itemListElement":[{"@type":"ListItem","position":1,"name":"Home","item":"https:\/\/paintballzonemezez.com\/"},{"@type":"ListItem","position":2,"name":"\u00c7far\u00eb na pyesin m\u00eb shpesh"}]}]}},"_links":{"self":[{"href":"https:\/\/paintballzonemezez.com\/index.php?rest_route=\/wp\/v2\/pages\/1063"}],"collection":[{"href":"https:\/\/paintballzonemezez.com\/index.php?rest_route=\/wp\/v2\/pages"}],"about":[{"href":"https:\/\/paintballzonemezez.com\/index.php?rest_route=\/wp\/v2\/types\/page"}],"author":[{"embeddable":true,"href":"https:\/\/paintballzonemezez.com\/index.php?rest_route=\/wp\/v2\/users\/2"}],"replies":[{"embeddable":true,"href":"https:\/\/paintballzonemezez.com\/index.php?rest_route=%2Fwp%2Fv2%2Fcomments&post=1063"}],"version-history":[{"count":50,"href":"https:\/\/paintballzonemezez.com\/index.php?rest_route=\/wp\/v2\/pages\/1063\/revisions"}],"predecessor-version":[{"id":1118,"href":"https:\/\/paintballzonemezez.com\/index.php?rest_route=\/wp\/v2\/pages\/1063\/revisions\/1118"}],"wp:attachment":[{"href":"https:\/\/paintballzonemezez.com\/index.php?rest_route=%2Fwp%2Fv2%2Fmedia&parent=1063"}],"curies":[{"name":"wp","href":"https:\/\/api.w.org\/{rel}","templated":true}]}}