{"id":252,"date":"2019-08-28T22:51:09","date_gmt":"2019-08-28T22:51:09","guid":{"rendered":"https:\/\/dullet.progressionstudios.com\/shop\/"},"modified":"2021-02-26T10:06:55","modified_gmt":"2021-02-26T10:06:55","slug":"shop-2","status":"publish","type":"page","link":"https:\/\/paintballzonemezez.com\/?page_id=252","title":{"rendered":"Dyqani"},"content":{"rendered":"","protected":false},"excerpt":{"rendered":"","protected":false},"author":2,"featured_media":0,"parent":0,"menu_order":0,"comment_status":"closed","ping_status":"closed","template":"","meta":{"footnotes":""},"yoast_head":"<!-- This site is optimized with the Yoast SEO plugin v17.5 - https:\/\/yoast.com\/wordpress\/plugins\/seo\/ -->\n<title>Dyqani - Paintball Zone M\u00ebzez<\/title>\n<meta name=\"description\" content=\"Shum\u00eb shpejt do jemi tek ju me detaje p\u00ebr dyqanin me paisje Paintball dhe Airsoft n\u00eb Paintball Zone M\u00ebzez.\" \/>\n<meta name=\"robots\" content=\"index, follow, max-snippet:-1, max-image-preview:large, max-video-preview:-1\" \/>\n<link rel=\"canonical\" href=\"https:\/\/paintballzonemezez.com\/?page_id=252\" \/>\n<meta property=\"og:locale\" content=\"en_US\" \/>\n<meta property=\"og:type\" content=\"article\" \/>\n<meta property=\"og:title\" content=\"Dyqani - Paintball Zone M\u00ebzez\" \/>\n<meta property=\"og:description\" content=\"Shum\u00eb shpejt do jemi tek ju me detaje p\u00ebr dyqanin me paisje Paintball dhe Airsoft n\u00eb Paintball Zone M\u00ebzez.\" \/>\n<meta property=\"og:url\" content=\"https:\/\/paintballzonemezez.com\/?page_id=252\" \/>\n<meta property=\"og:site_name\" content=\"Paintball Zone M\u00ebzez\" \/>\n<meta property=\"article:modified_time\" content=\"2021-02-26T10:06:55+00:00\" \/>\n<meta name=\"twitter:card\" content=\"summary_large_image\" \/>\n<script type=\"application\/ld+json\" class=\"yoast-schema-graph\">{\"@context\":\"https:\/\/schema.org\",\"@graph\":[{\"@type\":\"WebSite\",\"@id\":\"https:\/\/paintballzonemezez.com\/#website\",\"url\":\"https:\/\/paintballzonemezez.com\/\",\"name\":\"Paintball Zone M\\u00ebzez\",\"description\":\"Paintball Game Tirana\",\"potentialAction\":[{\"@type\":\"SearchAction\",\"target\":{\"@type\":\"EntryPoint\",\"urlTemplate\":\"https:\/\/paintballzonemezez.com\/?s={search_term_string}\"},\"query-input\":\"required name=search_term_string\"}],\"inLanguage\":\"en-US\"},{\"@type\":\"WebPage\",\"@id\":\"https:\/\/paintballzonemezez.com\/?page_id=252#webpage\",\"url\":\"https:\/\/paintballzonemezez.com\/?page_id=252\",\"name\":\"Dyqani - Paintball Zone M\\u00ebzez\",\"isPartOf\":{\"@id\":\"https:\/\/paintballzonemezez.com\/#website\"},\"datePublished\":\"2019-08-28T22:51:09+00:00\",\"dateModified\":\"2021-02-26T10:06:55+00:00\",\"description\":\"Shum\\u00eb shpejt do jemi tek ju me detaje p\\u00ebr dyqanin me paisje Paintball dhe Airsoft n\\u00eb Paintball Zone M\\u00ebzez.\",\"breadcrumb\":{\"@id\":\"https:\/\/paintballzonemezez.com\/?page_id=252#breadcrumb\"},\"inLanguage\":\"en-US\",\"potentialAction\":[{\"@type\":\"ReadAction\",\"target\":[\"https:\/\/paintballzonemezez.com\/?page_id=252\"]}]},{\"@type\":\"BreadcrumbList\",\"@id\":\"https:\/\/paintballzonemezez.com\/?page_id=252#breadcrumb\",\"itemListElement\":[{\"@type\":\"ListItem\",\"position\":1,\"name\":\"Home\",\"item\":\"https:\/\/paintballzonemezez.com\/\"},{\"@type\":\"ListItem\",\"position\":2,\"name\":\"Dyqani\"}]}]}<\/script>\n<!-- \/ Yoast SEO plugin. -->","yoast_head_json":{"title":"Dyqani - Paintball Zone M\u00ebzez","description":"Shum\u00eb shpejt do jemi tek ju me detaje p\u00ebr dyqanin me paisje Paintball dhe Airsoft n\u00eb Paintball Zone M\u00ebzez.","robots":{"index":"index","follow":"follow","max-snippet":"max-snippet:-1","max-image-preview":"max-image-preview:large","max-video-preview":"max-video-preview:-1"},"canonical":"https:\/\/paintballzonemezez.com\/?page_id=252","og_locale":"en_US","og_type":"article","og_title":"Dyqani - Paintball Zone M\u00ebzez","og_description":"Shum\u00eb shpejt do jemi tek ju me detaje p\u00ebr dyqanin me paisje Paintball dhe Airsoft n\u00eb Paintball Zone M\u00ebzez.","og_url":"https:\/\/paintballzonemezez.com\/?page_id=252","og_site_name":"Paintball Zone M\u00ebzez","article_modified_time":"2021-02-26T10:06:55+00:00","twitter_card":"summary_large_image","schema":{"@context":"https:\/\/schema.org","@graph":[{"@type":"WebSite","@id":"https:\/\/paintballzonemezez.com\/#website","url":"https:\/\/paintballzonemezez.com\/","name":"Paintball Zone M\u00ebzez","description":"Paintball Game Tirana","potentialAction":[{"@type":"SearchAction","target":{"@type":"EntryPoint","urlTemplate":"https:\/\/paintballzonemezez.com\/?s={search_term_string}"},"query-input":"required name=search_term_string"}],"inLanguage":"en-US"},{"@type":"WebPage","@id":"https:\/\/paintballzonemezez.com\/?page_id=252#webpage","url":"https:\/\/paintballzonemezez.com\/?page_id=252","name":"Dyqani - Paintball Zone M\u00ebzez","isPartOf":{"@id":"https:\/\/paintballzonemezez.com\/#website"},"datePublished":"2019-08-28T22:51:09+00:00","dateModified":"2021-02-26T10:06:55+00:00","description":"Shum\u00eb shpejt do jemi tek ju me detaje p\u00ebr dyqanin me paisje Paintball dhe Airsoft n\u00eb Paintball Zone M\u00ebzez.","breadcrumb":{"@id":"https:\/\/paintballzonemezez.com\/?page_id=252#breadcrumb"},"inLanguage":"en-US","potentialAction":[{"@type":"ReadAction","target":["https:\/\/paintballzonemezez.com\/?page_id=252"]}]},{"@type":"BreadcrumbList","@id":"https:\/\/paintballzonemezez.com\/?page_id=252#breadcrumb","itemListElement":[{"@type":"ListItem","position":1,"name":"Home","item":"https:\/\/paintballzonemezez.com\/"},{"@type":"ListItem","position":2,"name":"Dyqani"}]}]}},"_links":{"self":[{"href":"https:\/\/paintballzonemezez.com\/index.php?rest_route=\/wp\/v2\/pages\/252"}],"collection":[{"href":"https:\/\/paintballzonemezez.com\/index.php?rest_route=\/wp\/v2\/pages"}],"about":[{"href":"https:\/\/paintballzonemezez.com\/index.php?rest_route=\/wp\/v2\/types\/page"}],"author":[{"embeddable":true,"href":"https:\/\/paintballzonemezez.com\/index.php?rest_route=\/wp\/v2\/users\/2"}],"replies":[{"embeddable":true,"href":"https:\/\/paintballzonemezez.com\/index.php?rest_route=%2Fwp%2Fv2%2Fcomments&post=252"}],"version-history":[{"count":1,"href":"https:\/\/paintballzonemezez.com\/index.php?rest_route=\/wp\/v2\/pages\/252\/revisions"}],"predecessor-version":[{"id":505,"href":"https:\/\/paintballzonemezez.com\/index.php?rest_route=\/wp\/v2\/pages\/252\/revisions\/505"}],"wp:attachment":[{"href":"https:\/\/paintballzonemezez.com\/index.php?rest_route=%2Fwp%2Fv2%2Fmedia&parent=252"}],"curies":[{"name":"wp","href":"https:\/\/api.w.org\/{rel}","templated":true}]}}