{"id":258,"date":"2019-08-28T22:54:41","date_gmt":"2019-08-28T22:54:41","guid":{"rendered":"https:\/\/dullet.progressionstudios.com\/?page_id=16"},"modified":"2026-03-26T09:48:25","modified_gmt":"2026-03-26T09:48:25","slug":"contact","status":"publish","type":"page","link":"https:\/\/paintballzonemezez.com\/?page_id=258","title":{"rendered":"Kontakt"},"content":{"rendered":"\t\t<div data-elementor-type=\"wp-post\" data-elementor-id=\"258\" class=\"elementor elementor-258\" data-elementor-settings=\"[]\">\n\t\t\t\t\t\t<div class=\"elementor-inner\">\n\t\t\t\t\t\t\t<div class=\"elementor-section-wrap\">\n\t\t\t\t\t\t\t<section class=\"elementor-section elementor-top-section elementor-element elementor-element-4dffdab7 elementor-section-boxed elementor-section-height-default elementor-section-height-default\" data-id=\"4dffdab7\" data-element_type=\"section\">\n\t\t\t\t\t\t<div class=\"elementor-container elementor-column-gap-wider\">\n\t\t\t\t\t\t\t<div class=\"elementor-row\">\n\t\t\t\t\t<div class=\"elementor-column elementor-col-33 elementor-top-column elementor-element elementor-element-791ddf23\" data-id=\"791ddf23\" data-element_type=\"column\">\n\t\t\t<div class=\"elementor-column-wrap elementor-element-populated\">\n\t\t\t\t\t\t\t<div class=\"elementor-widget-wrap\">\n\t\t\t\t\t\t<div class=\"elementor-element elementor-element-4f9dab4a elementor-widget__width-auto elementor-absolute elementor-view-default elementor-widget elementor-widget-icon\" data-id=\"4f9dab4a\" data-element_type=\"widget\" data-settings=\"{&quot;_position&quot;:&quot;absolute&quot;}\" data-widget_type=\"icon.default\">\n\t\t\t\t<div class=\"elementor-widget-container\">\n\t\t\t\t\t<div class=\"elementor-icon-wrapper\">\n\t\t\t<div class=\"elementor-icon\">\n\t\t\t<i aria-hidden=\"true\" class=\"fas fa-phone\"><\/i>\t\t\t<\/div>\n\t\t<\/div>\n\t\t\t\t<\/div>\n\t\t\t\t<\/div>\n\t\t\t\t<section class=\"elementor-section elementor-inner-section elementor-element elementor-element-7cc8b1d7 elementor-section-boxed elementor-section-height-default elementor-section-height-default\" data-id=\"7cc8b1d7\" data-element_type=\"section\" data-settings=\"{&quot;background_background&quot;:&quot;classic&quot;}\">\n\t\t\t\t\t\t<div class=\"elementor-container elementor-column-gap-default\">\n\t\t\t\t\t\t\t<div class=\"elementor-row\">\n\t\t\t\t\t<div class=\"elementor-column elementor-col-100 elementor-inner-column elementor-element elementor-element-f8cf2a9\" data-id=\"f8cf2a9\" data-element_type=\"column\">\n\t\t\t<div class=\"elementor-column-wrap elementor-element-populated\">\n\t\t\t\t\t\t\t<div class=\"elementor-widget-wrap\">\n\t\t\t\t\t\t<div class=\"elementor-element elementor-element-8cb3f17 elementor-widget elementor-widget-heading\" data-id=\"8cb3f17\" data-element_type=\"widget\" data-widget_type=\"heading.default\">\n\t\t\t\t<div class=\"elementor-widget-container\">\n\t\t\t<h2 class=\"elementor-heading-title elementor-size-default\">Telefon<\/h2>\t\t<\/div>\n\t\t\t\t<\/div>\n\t\t\t\t<div class=\"elementor-element elementor-element-ab12c25 elementor-widget elementor-widget-text-editor\" data-id=\"ab12c25\" data-element_type=\"widget\" data-widget_type=\"text-editor.default\">\n\t\t\t\t<div class=\"elementor-widget-container\">\n\t\t\t\t\t\t\t\t<div class=\"elementor-text-editor elementor-clearfix\">\n\t\t\t\t<p>0692305487 ose 0684076312<\/p>\t\t\t\t\t<\/div>\n\t\t\t\t\t\t<\/div>\n\t\t\t\t<\/div>\n\t\t\t\t\t\t<\/div>\n\t\t\t\t\t<\/div>\n\t\t<\/div>\n\t\t\t\t\t\t\t\t<\/div>\n\t\t\t\t\t<\/div>\n\t\t<\/section>\n\t\t\t\t\t\t<\/div>\n\t\t\t\t\t<\/div>\n\t\t<\/div>\n\t\t\t\t<div class=\"elementor-column elementor-col-33 elementor-top-column elementor-element elementor-element-131e63a5\" data-id=\"131e63a5\" data-element_type=\"column\">\n\t\t\t<div class=\"elementor-column-wrap elementor-element-populated\">\n\t\t\t\t\t\t\t<div class=\"elementor-widget-wrap\">\n\t\t\t\t\t\t<div class=\"elementor-element elementor-element-1aa63948 elementor-widget__width-auto elementor-absolute elementor-view-default elementor-widget elementor-widget-icon\" data-id=\"1aa63948\" data-element_type=\"widget\" data-settings=\"{&quot;_position&quot;:&quot;absolute&quot;}\" data-widget_type=\"icon.default\">\n\t\t\t\t<div class=\"elementor-widget-container\">\n\t\t\t\t\t<div class=\"elementor-icon-wrapper\">\n\t\t\t<div class=\"elementor-icon\">\n\t\t\t<i aria-hidden=\"true\" class=\"fas fa-mail-bulk\"><\/i>\t\t\t<\/div>\n\t\t<\/div>\n\t\t\t\t<\/div>\n\t\t\t\t<\/div>\n\t\t\t\t<section class=\"elementor-section elementor-inner-section elementor-element elementor-element-2f73be55 elementor-section-boxed elementor-section-height-default elementor-section-height-default\" data-id=\"2f73be55\" data-element_type=\"section\" data-settings=\"{&quot;background_background&quot;:&quot;classic&quot;}\">\n\t\t\t\t\t\t<div class=\"elementor-container elementor-column-gap-default\">\n\t\t\t\t\t\t\t<div class=\"elementor-row\">\n\t\t\t\t\t<div class=\"elementor-column elementor-col-100 elementor-inner-column elementor-element elementor-element-14f81c21\" data-id=\"14f81c21\" data-element_type=\"column\">\n\t\t\t<div class=\"elementor-column-wrap elementor-element-populated\">\n\t\t\t\t\t\t\t<div class=\"elementor-widget-wrap\">\n\t\t\t\t\t\t<div class=\"elementor-element elementor-element-4e3c2ab5 elementor-widget elementor-widget-heading\" data-id=\"4e3c2ab5\" data-element_type=\"widget\" data-widget_type=\"heading.default\">\n\t\t\t\t<div class=\"elementor-widget-container\">\n\t\t\t<h2 class=\"elementor-heading-title elementor-size-default\">Email<\/h2>\t\t<\/div>\n\t\t\t\t<\/div>\n\t\t\t\t<div class=\"elementor-element elementor-element-4bb1eb42 elementor-widget elementor-widget-text-editor\" data-id=\"4bb1eb42\" data-element_type=\"widget\" data-widget_type=\"text-editor.default\">\n\t\t\t\t<div class=\"elementor-widget-container\">\n\t\t\t\t\t\t\t\t<div class=\"elementor-text-editor elementor-clearfix\">\n\t\t\t\t<p>Mund t\u00eb na kontaktoni n\u00eb adres\u00ebn: paintballzonemezez@gmail.com<\/p>\t\t\t\t\t<\/div>\n\t\t\t\t\t\t<\/div>\n\t\t\t\t<\/div>\n\t\t\t\t\t\t<\/div>\n\t\t\t\t\t<\/div>\n\t\t<\/div>\n\t\t\t\t\t\t\t\t<\/div>\n\t\t\t\t\t<\/div>\n\t\t<\/section>\n\t\t\t\t\t\t<\/div>\n\t\t\t\t\t<\/div>\n\t\t<\/div>\n\t\t\t\t<div class=\"elementor-column elementor-col-33 elementor-top-column elementor-element elementor-element-4c8b3e06\" data-id=\"4c8b3e06\" data-element_type=\"column\">\n\t\t\t<div class=\"elementor-column-wrap elementor-element-populated\">\n\t\t\t\t\t\t\t<div class=\"elementor-widget-wrap\">\n\t\t\t\t\t\t<div class=\"elementor-element elementor-element-27cb5bdb elementor-widget__width-auto elementor-absolute elementor-view-default elementor-widget elementor-widget-icon\" data-id=\"27cb5bdb\" data-element_type=\"widget\" data-settings=\"{&quot;_position&quot;:&quot;absolute&quot;}\" data-widget_type=\"icon.default\">\n\t\t\t\t<div class=\"elementor-widget-container\">\n\t\t\t\t\t<div class=\"elementor-icon-wrapper\">\n\t\t\t<div class=\"elementor-icon\">\n\t\t\t<i aria-hidden=\"true\" class=\"far fa-map\"><\/i>\t\t\t<\/div>\n\t\t<\/div>\n\t\t\t\t<\/div>\n\t\t\t\t<\/div>\n\t\t\t\t<section class=\"elementor-section elementor-inner-section elementor-element elementor-element-2acc6a42 elementor-section-boxed elementor-section-height-default elementor-section-height-default\" data-id=\"2acc6a42\" data-element_type=\"section\" data-settings=\"{&quot;background_background&quot;:&quot;classic&quot;}\">\n\t\t\t\t\t\t<div class=\"elementor-container elementor-column-gap-default\">\n\t\t\t\t\t\t\t<div class=\"elementor-row\">\n\t\t\t\t\t<div class=\"elementor-column elementor-col-100 elementor-inner-column elementor-element elementor-element-163e655b\" data-id=\"163e655b\" data-element_type=\"column\">\n\t\t\t<div class=\"elementor-column-wrap elementor-element-populated\">\n\t\t\t\t\t\t\t<div class=\"elementor-widget-wrap\">\n\t\t\t\t\t\t<div class=\"elementor-element elementor-element-2a983031 elementor-widget elementor-widget-heading\" data-id=\"2a983031\" data-element_type=\"widget\" data-widget_type=\"heading.default\">\n\t\t\t\t<div class=\"elementor-widget-container\">\n\t\t\t<h2 class=\"elementor-heading-title elementor-size-default\">Vendndodhja<\/h2>\t\t<\/div>\n\t\t\t\t<\/div>\n\t\t\t\t<div class=\"elementor-element elementor-element-55b9c9d6 elementor-widget elementor-widget-text-editor\" data-id=\"55b9c9d6\" data-element_type=\"widget\" data-widget_type=\"text-editor.default\">\n\t\t\t\t<div class=\"elementor-widget-container\">\n\t\t\t\t\t\t\t\t<div class=\"elementor-text-editor elementor-clearfix\">\n\t\t\t\t<div class=\"address\">Rruga 7 N\u00ebntori, Mezez<\/div><div>Ngjitur me Top Channel<\/div>\t\t\t\t\t<\/div>\n\t\t\t\t\t\t<\/div>\n\t\t\t\t<\/div>\n\t\t\t\t\t\t<\/div>\n\t\t\t\t\t<\/div>\n\t\t<\/div>\n\t\t\t\t\t\t\t\t<\/div>\n\t\t\t\t\t<\/div>\n\t\t<\/section>\n\t\t\t\t\t\t<\/div>\n\t\t\t\t\t<\/div>\n\t\t<\/div>\n\t\t\t\t\t\t\t\t<\/div>\n\t\t\t\t\t<\/div>\n\t\t<\/section>\n\t\t\t\t<section class=\"elementor-section elementor-top-section elementor-element elementor-element-6618f0f elementor-section-boxed elementor-section-height-default elementor-section-height-default\" data-id=\"6618f0f\" data-element_type=\"section\">\n\t\t\t\t\t\t<div class=\"elementor-container elementor-column-gap-default\">\n\t\t\t\t\t\t\t<div class=\"elementor-row\">\n\t\t\t\t\t<div class=\"elementor-column elementor-col-100 elementor-top-column elementor-element elementor-element-779e9b0\" data-id=\"779e9b0\" data-element_type=\"column\">\n\t\t\t<div class=\"elementor-column-wrap elementor-element-populated\">\n\t\t\t\t\t\t\t<div class=\"elementor-widget-wrap\">\n\t\t\t\t\t\t<div class=\"elementor-element elementor-element-82f4994 elementor-widget elementor-widget-heading\" data-id=\"82f4994\" data-element_type=\"widget\" data-widget_type=\"heading.default\">\n\t\t\t\t<div class=\"elementor-widget-container\">\n\t\t\t<h2 class=\"elementor-heading-title elementor-size-default\">Sugjerimet tona nd\u00ebrkoh\u00eb q\u00eb jeni n\u00eb Shqip\u00ebri<\/h2>\t\t<\/div>\n\t\t\t\t<\/div>\n\t\t\t\t\t\t<\/div>\n\t\t\t\t\t<\/div>\n\t\t<\/div>\n\t\t\t\t\t\t\t\t<\/div>\n\t\t\t\t\t<\/div>\n\t\t<\/section>\n\t\t\t\t<section class=\"elementor-section elementor-top-section elementor-element elementor-element-bdfac31 elementor-section-boxed elementor-section-height-default elementor-section-height-default\" data-id=\"bdfac31\" data-element_type=\"section\">\n\t\t\t\t\t\t<div class=\"elementor-container elementor-column-gap-default\">\n\t\t\t\t\t\t\t<div class=\"elementor-row\">\n\t\t\t\t\t<div class=\"elementor-column elementor-col-100 elementor-top-column elementor-element elementor-element-8b3731d\" data-id=\"8b3731d\" data-element_type=\"column\">\n\t\t\t<div class=\"elementor-column-wrap elementor-element-populated\">\n\t\t\t\t\t\t\t<div class=\"elementor-widget-wrap\">\n\t\t\t\t\t\t<div class=\"elementor-element elementor-element-056121a elementor-position-top elementor-vertical-align-top elementor-widget elementor-widget-image-box\" data-id=\"056121a\" data-element_type=\"widget\" data-widget_type=\"image-box.default\">\n\t\t\t\t<div class=\"elementor-widget-container\">\n\t\t\t<div class=\"elementor-image-box-wrapper\"><figure class=\"elementor-image-box-img\"><a href=\"https:\/\/lovtaxi.al\/\"><img loading=\"lazy\" decoding=\"async\" width=\"945\" height=\"500\" src=\"https:\/\/paintballzonemezez.com\/wp-content\/uploads\/2026\/03\/LOV-TAXI-L.png\" class=\"attachment-large size-large\" alt=\"\" \/><\/a><\/figure><div class=\"elementor-image-box-content\"><h3 class=\"elementor-image-box-title\"><a href=\"https:\/\/lovtaxi.al\/\">Lov Taxi<\/a><\/h3><p class=\"elementor-image-box-description\">At Lov Taxi, they understand that your time is precious. That\u2019s why they\u2019ve made their booking process as simple and straightforward as possible. With just a few clicks, you can schedule your ride and rest assured that a modern, clean, and comfortable vehicle will be there to pick you up, right on time.<\/p><\/div><\/div>\t\t<\/div>\n\t\t\t\t<\/div>\n\t\t\t\t\t\t<\/div>\n\t\t\t\t\t<\/div>\n\t\t<\/div>\n\t\t\t\t\t\t\t\t<\/div>\n\t\t\t\t\t<\/div>\n\t\t<\/section>\n\t\t\t\t<section class=\"elementor-section elementor-top-section elementor-element elementor-element-6d8deabb elementor-section-boxed elementor-section-height-default elementor-section-height-default\" data-id=\"6d8deabb\" data-element_type=\"section\">\n\t\t\t\t\t\t<div class=\"elementor-container elementor-column-gap-default\">\n\t\t\t\t\t\t\t<div class=\"elementor-row\">\n\t\t\t\t\t\t\t\t\t<\/div>\n\t\t\t\t\t<\/div>\n\t\t<\/section>\n\t\t\t\t<section class=\"elementor-section elementor-top-section elementor-element elementor-element-99a9342 elementor-section-boxed elementor-section-height-default elementor-section-height-default\" data-id=\"99a9342\" data-element_type=\"section\">\n\t\t\t\t\t\t<div class=\"elementor-container elementor-column-gap-default\">\n\t\t\t\t\t\t\t<div class=\"elementor-row\">\n\t\t\t\t\t<div class=\"elementor-column elementor-col-50 elementor-top-column elementor-element elementor-element-d475931\" data-id=\"d475931\" data-element_type=\"column\">\n\t\t\t<div class=\"elementor-column-wrap elementor-element-populated\">\n\t\t\t\t\t\t\t<div class=\"elementor-widget-wrap\">\n\t\t\t\t\t\t<div class=\"elementor-element elementor-element-7214b5fd elementor-widget elementor-widget-heading\" data-id=\"7214b5fd\" data-element_type=\"widget\" data-widget_type=\"heading.default\">\n\t\t\t\t<div class=\"elementor-widget-container\">\n\t\t\t<h5 class=\"elementor-heading-title elementor-size-default\">Na kontaktoni p\u00ebr \u00e7do pyetje ose paqart\u00ebsi<\/h5>\t\t<\/div>\n\t\t\t\t<\/div>\n\t\t\t\t<div class=\"elementor-element elementor-element-342d646f elementor-widget-divider--view-line elementor-widget elementor-widget-divider\" data-id=\"342d646f\" data-element_type=\"widget\" data-widget_type=\"divider.default\">\n\t\t\t\t<div class=\"elementor-widget-container\">\n\t\t\t\t\t<div class=\"elementor-divider\">\n\t\t\t<span class=\"elementor-divider-separator\">\n\t\t\t\t\t\t<\/span>\n\t\t<\/div>\n\t\t\t\t<\/div>\n\t\t\t\t<\/div>\n\t\t\t\t<div class=\"elementor-element elementor-element-84b6121 elementor-widget elementor-widget-boosted-elements-contact-form\" data-id=\"84b6121\" data-element_type=\"widget\" data-widget_type=\"boosted-elements-contact-form.default\">\n\t\t\t\t<div class=\"elementor-widget-container\">\n\t\t\t\t\n\t\n\t\t\t<div class=\"boosted-elements-progression-contact-form-container\">\t\t\n\t\t\t<div role=\"form\" class=\"wpcf7\" id=\"wpcf7-f26-o1\" lang=\"en-US\" dir=\"ltr\">\n<div class=\"screen-reader-response\"><p role=\"status\" aria-live=\"polite\" aria-atomic=\"true\"><\/p> <ul><\/ul><\/div>\n<form action=\"\/index.php?rest_route=%2Fwp%2Fv2%2Fpages%2F258#wpcf7-f26-o1\" method=\"post\" class=\"wpcf7-form init\" novalidate=\"novalidate\" data-status=\"init\">\n<div style=\"display: none;\">\n<input type=\"hidden\" name=\"_wpcf7\" value=\"26\" \/>\n<input type=\"hidden\" name=\"_wpcf7_version\" value=\"5.5.2\" \/>\n<input type=\"hidden\" name=\"_wpcf7_locale\" value=\"en_US\" \/>\n<input type=\"hidden\" name=\"_wpcf7_unit_tag\" value=\"wpcf7-f26-o1\" \/>\n<input type=\"hidden\" name=\"_wpcf7_container_post\" value=\"0\" \/>\n<input type=\"hidden\" name=\"_wpcf7_posted_data_hash\" value=\"\" \/>\n<\/div>\n<p><label> Emri juaj<br \/>\n    <span class=\"wpcf7-form-control-wrap your-name\"><input type=\"text\" name=\"your-name\" value=\"\" size=\"40\" class=\"wpcf7-form-control wpcf7-text wpcf7-validates-as-required\" aria-required=\"true\" aria-invalid=\"false\" \/><\/span> <\/label><\/p>\n<p><label> Emaili juaj<br \/>\n    <span class=\"wpcf7-form-control-wrap your-email\"><input type=\"email\" name=\"your-email\" value=\"\" size=\"40\" class=\"wpcf7-form-control wpcf7-text wpcf7-email wpcf7-validates-as-required wpcf7-validates-as-email\" aria-required=\"true\" aria-invalid=\"false\" \/><\/span> <\/label><\/p>\n<p><label> Subjekti<br \/>\n    <span class=\"wpcf7-form-control-wrap your-subject\"><input type=\"text\" name=\"your-subject\" value=\"\" size=\"40\" class=\"wpcf7-form-control wpcf7-text wpcf7-validates-as-required\" aria-required=\"true\" aria-invalid=\"false\" \/><\/span> <\/label><\/p>\n<p><label> Mesazhi juaj (opsional)<br \/>\n    <span class=\"wpcf7-form-control-wrap your-message\"><textarea name=\"your-message\" cols=\"40\" rows=\"10\" class=\"wpcf7-form-control wpcf7-textarea\" aria-invalid=\"false\"><\/textarea><\/span> <\/label><\/p>\n<p><input type=\"submit\" value=\"D\u00ebrgo\" class=\"wpcf7-form-control has-spinner wpcf7-submit\" \/><\/p>\n<p style=\"display: none !important;\"><label>&#916;<textarea name=\"_wpcf7_ak_hp_textarea\" cols=\"45\" rows=\"8\" maxlength=\"100\"><\/textarea><\/label><input type=\"hidden\" id=\"ak_js_1\" name=\"_wpcf7_ak_js\" value=\"192\"\/><script>document.getElementById( \"ak_js_1\" ).setAttribute( \"value\", ( new Date() ).getTime() );<\/script><\/p><div class=\"wpcf7-response-output\" aria-hidden=\"true\"><\/div><\/form><\/div>\t\t<\/div><!-- close .boosted-elements-progression-contact-form-container -->\n\t\t\n\t\t\t<\/div>\n\t\t\t\t<\/div>\n\t\t\t\t\t\t<\/div>\n\t\t\t\t\t<\/div>\n\t\t<\/div>\n\t\t\t\t<div class=\"elementor-column elementor-col-50 elementor-top-column elementor-element elementor-element-793d740\" data-id=\"793d740\" data-element_type=\"column\">\n\t\t\t<div class=\"elementor-column-wrap elementor-element-populated\">\n\t\t\t\t\t\t\t<div class=\"elementor-widget-wrap\">\n\t\t\t\t\t\t<div class=\"elementor-element elementor-element-53dd04d9 elementor-widget elementor-widget-heading\" data-id=\"53dd04d9\" data-element_type=\"widget\" data-widget_type=\"heading.default\">\n\t\t\t\t<div class=\"elementor-widget-container\">\n\t\t\t<h2 class=\"elementor-heading-title elementor-size-default\">Ku mund t\u00eb na gjeni<\/h2>\t\t<\/div>\n\t\t\t\t<\/div>\n\t\t\t\t<div class=\"elementor-element elementor-element-4e1dcd4 elementor-widget elementor-widget-google_maps\" data-id=\"4e1dcd4\" data-element_type=\"widget\" data-widget_type=\"google_maps.default\">\n\t\t\t\t<div class=\"elementor-widget-container\">\n\t\t\t\t\t<div class=\"elementor-custom-embed\">\n\t\t\t<iframe frameborder=\"0\" scrolling=\"no\" marginheight=\"0\" marginwidth=\"0\"\n\t\t\t\t\tsrc=\"https:\/\/maps.google.com\/maps?q=Paintball%20Zone%20Mezez%2C%20Rruga%207%20N%C3%ABntori%2C%20Mezez&#038;t=m&#038;z=15&#038;output=embed&#038;iwloc=near\"\n\t\t\t\t\ttitle=\"Paintball Zone Mezez, Rruga 7 N\u00ebntori, Mezez\"\n\t\t\t\t\taria-label=\"Paintball Zone Mezez, Rruga 7 N\u00ebntori, Mezez\"\n\t\t\t><\/iframe>\n\t\t<\/div>\n\t\t\t\t<\/div>\n\t\t\t\t<\/div>\n\t\t\t\t\t\t<\/div>\n\t\t\t\t\t<\/div>\n\t\t<\/div>\n\t\t\t\t\t\t\t\t<\/div>\n\t\t\t\t\t<\/div>\n\t\t<\/section>\n\t\t\t\t<section class=\"elementor-section elementor-top-section elementor-element elementor-element-90ce242 elementor-section-boxed elementor-section-height-default elementor-section-height-default\" data-id=\"90ce242\" data-element_type=\"section\">\n\t\t\t\t\t\t<div class=\"elementor-container elementor-column-gap-default\">\n\t\t\t\t\t\t\t<div class=\"elementor-row\">\n\t\t\t\t\t\t\t\t\t<\/div>\n\t\t\t\t\t<\/div>\n\t\t<\/section>\n\t\t\t\t\t\t<\/div>\n\t\t\t\t\t\t<\/div>\n\t\t\t\t\t<\/div>\n\t\t","protected":false},"excerpt":{"rendered":"<p>Telefon 0692305487 ose 0684076312 Email Mund t\u00eb na kontaktoni n\u00eb adres\u00ebn: paintballzonemezez@gmail.com Vendndodhja Rruga 7 N\u00ebntori, MezezNgjitur me Top Channel Sugjerimet tona nd\u00ebrkoh\u00eb q\u00eb jeni n\u00eb Shqip\u00ebri Lov Taxi At Lov Taxi, they understand that your time is precious. That\u2019s why they\u2019ve made their booking process as simple and straightforward as possible. With just a [&hellip;]<\/p>\n","protected":false},"author":1,"featured_media":0,"parent":0,"menu_order":0,"comment_status":"closed","ping_status":"closed","template":"","meta":{"footnotes":""},"yoast_head":"<!-- This site is optimized with the Yoast SEO plugin v17.5 - https:\/\/yoast.com\/wordpress\/plugins\/seo\/ -->\n<title>Kontakt - Paintball Zone M\u00ebzez<\/title>\n<meta name=\"description\" content=\"P\u00ebr rezervimin e fush\u00ebs telefononi n\u00eb: 0692305487 ose 0684076312 dhe stafi do t\u2019ju ndihmoj\u00eb t\u00eb organizoni nj\u00eb loj\u00eb sipas k\u00ebrkesave tuaja.\" \/>\n<meta name=\"robots\" content=\"index, follow, max-snippet:-1, max-image-preview:large, max-video-preview:-1\" \/>\n<link rel=\"canonical\" href=\"https:\/\/paintballzonemezez.com\/?page_id=258\" \/>\n<meta property=\"og:locale\" content=\"en_US\" \/>\n<meta property=\"og:type\" content=\"article\" \/>\n<meta property=\"og:title\" content=\"Kontakt - Paintball Zone M\u00ebzez\" \/>\n<meta property=\"og:description\" content=\"P\u00ebr rezervimin e fush\u00ebs telefononi n\u00eb: 0692305487 ose 0684076312 dhe stafi do t\u2019ju ndihmoj\u00eb t\u00eb organizoni nj\u00eb loj\u00eb sipas k\u00ebrkesave tuaja.\" \/>\n<meta property=\"og:url\" content=\"https:\/\/paintballzonemezez.com\/?page_id=258\" \/>\n<meta property=\"og:site_name\" content=\"Paintball Zone M\u00ebzez\" \/>\n<meta property=\"article:modified_time\" content=\"2026-03-26T09:48:25+00:00\" \/>\n<meta property=\"og:image\" content=\"https:\/\/paintballzonemezez.com\/wp-content\/uploads\/2026\/03\/LOV-TAXI-L.png\" \/>\n<meta name=\"twitter:card\" content=\"summary_large_image\" \/>\n<meta name=\"twitter:label1\" content=\"Est. reading time\" \/>\n\t<meta name=\"twitter:data1\" content=\"1 minute\" \/>\n<script type=\"application\/ld+json\" class=\"yoast-schema-graph\">{\"@context\":\"https:\/\/schema.org\",\"@graph\":[{\"@type\":\"WebSite\",\"@id\":\"https:\/\/paintballzonemezez.com\/#website\",\"url\":\"https:\/\/paintballzonemezez.com\/\",\"name\":\"Paintball Zone M\\u00ebzez\",\"description\":\"Paintball Game Tirana\",\"potentialAction\":[{\"@type\":\"SearchAction\",\"target\":{\"@type\":\"EntryPoint\",\"urlTemplate\":\"https:\/\/paintballzonemezez.com\/?s={search_term_string}\"},\"query-input\":\"required name=search_term_string\"}],\"inLanguage\":\"en-US\"},{\"@type\":\"ImageObject\",\"@id\":\"https:\/\/paintballzonemezez.com\/?page_id=258#primaryimage\",\"inLanguage\":\"en-US\",\"url\":\"https:\/\/paintballzonemezez.com\/wp-content\/uploads\/2026\/03\/LOV-TAXI-L.png\",\"contentUrl\":\"https:\/\/paintballzonemezez.com\/wp-content\/uploads\/2026\/03\/LOV-TAXI-L.png\",\"width\":945,\"height\":500},{\"@type\":\"WebPage\",\"@id\":\"https:\/\/paintballzonemezez.com\/?page_id=258#webpage\",\"url\":\"https:\/\/paintballzonemezez.com\/?page_id=258\",\"name\":\"Kontakt - Paintball Zone M\\u00ebzez\",\"isPartOf\":{\"@id\":\"https:\/\/paintballzonemezez.com\/#website\"},\"primaryImageOfPage\":{\"@id\":\"https:\/\/paintballzonemezez.com\/?page_id=258#primaryimage\"},\"datePublished\":\"2019-08-28T22:54:41+00:00\",\"dateModified\":\"2026-03-26T09:48:25+00:00\",\"description\":\"P\\u00ebr rezervimin e fush\\u00ebs telefononi n\\u00eb: 0692305487 ose 0684076312 dhe stafi do t\\u2019ju ndihmoj\\u00eb t\\u00eb organizoni nj\\u00eb loj\\u00eb sipas k\\u00ebrkesave tuaja.\",\"breadcrumb\":{\"@id\":\"https:\/\/paintballzonemezez.com\/?page_id=258#breadcrumb\"},\"inLanguage\":\"en-US\",\"potentialAction\":[{\"@type\":\"ReadAction\",\"target\":[\"https:\/\/paintballzonemezez.com\/?page_id=258\"]}]},{\"@type\":\"BreadcrumbList\",\"@id\":\"https:\/\/paintballzonemezez.com\/?page_id=258#breadcrumb\",\"itemListElement\":[{\"@type\":\"ListItem\",\"position\":1,\"name\":\"Home\",\"item\":\"https:\/\/paintballzonemezez.com\/\"},{\"@type\":\"ListItem\",\"position\":2,\"name\":\"Kontakt\"}]}]}<\/script>\n<!-- \/ Yoast SEO plugin. -->","yoast_head_json":{"title":"Kontakt - Paintball Zone M\u00ebzez","description":"P\u00ebr rezervimin e fush\u00ebs telefononi n\u00eb: 0692305487 ose 0684076312 dhe stafi do t\u2019ju ndihmoj\u00eb t\u00eb organizoni nj\u00eb loj\u00eb sipas k\u00ebrkesave tuaja.","robots":{"index":"index","follow":"follow","max-snippet":"max-snippet:-1","max-image-preview":"max-image-preview:large","max-video-preview":"max-video-preview:-1"},"canonical":"https:\/\/paintballzonemezez.com\/?page_id=258","og_locale":"en_US","og_type":"article","og_title":"Kontakt - Paintball Zone M\u00ebzez","og_description":"P\u00ebr rezervimin e fush\u00ebs telefononi n\u00eb: 0692305487 ose 0684076312 dhe stafi do t\u2019ju ndihmoj\u00eb t\u00eb organizoni nj\u00eb loj\u00eb sipas k\u00ebrkesave tuaja.","og_url":"https:\/\/paintballzonemezez.com\/?page_id=258","og_site_name":"Paintball Zone M\u00ebzez","article_modified_time":"2026-03-26T09:48:25+00:00","og_image":[{"url":"https:\/\/paintballzonemezez.com\/wp-content\/uploads\/2026\/03\/LOV-TAXI-L.png"}],"twitter_card":"summary_large_image","twitter_misc":{"Est. reading time":"1 minute"},"schema":{"@context":"https:\/\/schema.org","@graph":[{"@type":"WebSite","@id":"https:\/\/paintballzonemezez.com\/#website","url":"https:\/\/paintballzonemezez.com\/","name":"Paintball Zone M\u00ebzez","description":"Paintball Game Tirana","potentialAction":[{"@type":"SearchAction","target":{"@type":"EntryPoint","urlTemplate":"https:\/\/paintballzonemezez.com\/?s={search_term_string}"},"query-input":"required name=search_term_string"}],"inLanguage":"en-US"},{"@type":"ImageObject","@id":"https:\/\/paintballzonemezez.com\/?page_id=258#primaryimage","inLanguage":"en-US","url":"https:\/\/paintballzonemezez.com\/wp-content\/uploads\/2026\/03\/LOV-TAXI-L.png","contentUrl":"https:\/\/paintballzonemezez.com\/wp-content\/uploads\/2026\/03\/LOV-TAXI-L.png","width":945,"height":500},{"@type":"WebPage","@id":"https:\/\/paintballzonemezez.com\/?page_id=258#webpage","url":"https:\/\/paintballzonemezez.com\/?page_id=258","name":"Kontakt - Paintball Zone M\u00ebzez","isPartOf":{"@id":"https:\/\/paintballzonemezez.com\/#website"},"primaryImageOfPage":{"@id":"https:\/\/paintballzonemezez.com\/?page_id=258#primaryimage"},"datePublished":"2019-08-28T22:54:41+00:00","dateModified":"2026-03-26T09:48:25+00:00","description":"P\u00ebr rezervimin e fush\u00ebs telefononi n\u00eb: 0692305487 ose 0684076312 dhe stafi do t\u2019ju ndihmoj\u00eb t\u00eb organizoni nj\u00eb loj\u00eb sipas k\u00ebrkesave tuaja.","breadcrumb":{"@id":"https:\/\/paintballzonemezez.com\/?page_id=258#breadcrumb"},"inLanguage":"en-US","potentialAction":[{"@type":"ReadAction","target":["https:\/\/paintballzonemezez.com\/?page_id=258"]}]},{"@type":"BreadcrumbList","@id":"https:\/\/paintballzonemezez.com\/?page_id=258#breadcrumb","itemListElement":[{"@type":"ListItem","position":1,"name":"Home","item":"https:\/\/paintballzonemezez.com\/"},{"@type":"ListItem","position":2,"name":"Kontakt"}]}]}},"_links":{"self":[{"href":"https:\/\/paintballzonemezez.com\/index.php?rest_route=\/wp\/v2\/pages\/258"}],"collection":[{"href":"https:\/\/paintballzonemezez.com\/index.php?rest_route=\/wp\/v2\/pages"}],"about":[{"href":"https:\/\/paintballzonemezez.com\/index.php?rest_route=\/wp\/v2\/types\/page"}],"author":[{"embeddable":true,"href":"https:\/\/paintballzonemezez.com\/index.php?rest_route=\/wp\/v2\/users\/1"}],"replies":[{"embeddable":true,"href":"https:\/\/paintballzonemezez.com\/index.php?rest_route=%2Fwp%2Fv2%2Fcomments&post=258"}],"version-history":[{"count":107,"href":"https:\/\/paintballzonemezez.com\/index.php?rest_route=\/wp\/v2\/pages\/258\/revisions"}],"predecessor-version":[{"id":1480,"href":"https:\/\/paintballzonemezez.com\/index.php?rest_route=\/wp\/v2\/pages\/258\/revisions\/1480"}],"wp:attachment":[{"href":"https:\/\/paintballzonemezez.com\/index.php?rest_route=%2Fwp%2Fv2%2Fmedia&parent=258"}],"curies":[{"name":"wp","href":"https:\/\/api.w.org\/{rel}","templated":true}]}}